{"id":361,"date":"2022-05-03T14:30:15","date_gmt":"2022-05-03T12:30:15","guid":{"rendered":"https:\/\/www.sozial-fokus.de\/?page_id=361"},"modified":"2022-10-18T12:26:09","modified_gmt":"2022-10-18T10:26:09","slug":"unser-taetigkeitsfeld","status":"publish","type":"page","link":"https:\/\/www.sozial-fokus.de\/index.php\/unser-taetigkeitsfeld\/","title":{"rendered":"Unser T\u00e4tigkeitsfeld"},"content":{"rendered":"\t\t<div data-elementor-type=\"wp-page\" data-elementor-id=\"361\" class=\"elementor elementor-361\" data-elementor-post-type=\"page\">\n\t\t\t\t\t\t<section class=\"has_eae_slider elementor-section elementor-top-section elementor-element elementor-element-5bed407 elementor-section-full_width elementor-section-height-default elementor-section-height-default\" data-eae-slider=\"67708\" data-id=\"5bed407\" data-element_type=\"section\" data-settings=\"{&quot;background_background&quot;:&quot;classic&quot;}\">\n\t\t\t\t\t\t\t<div class=\"elementor-background-overlay\"><\/div>\n\t\t\t\t\t\t\t<div class=\"elementor-container elementor-column-gap-default\">\n\t\t\t\t\t<div class=\"has_eae_slider elementor-column elementor-col-100 elementor-top-column elementor-element elementor-element-6f209ac\" data-eae-slider=\"13379\" data-id=\"6f209ac\" data-element_type=\"column\">\n\t\t\t<div class=\"elementor-widget-wrap elementor-element-populated\">\n\t\t\t\t\t\t<section data-eae-particle=\"{\n  &quot;particles&quot;: {\n    &quot;number&quot;: {\n      &quot;value&quot;: 6,\n      &quot;density&quot;: {\n        &quot;enable&quot;: true,\n        &quot;value_area&quot;: 800\n      }\n    },\n    &quot;color&quot;: {\n      &quot;value&quot;: &quot;#1b1e34&quot;\n    },\n    &quot;shape&quot;: {\n      &quot;type&quot;: &quot;image&quot;,\n      &quot;stroke&quot;: {\n        &quot;width&quot;: 0,\n        &quot;color&quot;: &quot;#000&quot;\n      },\n      &quot;polygon&quot;: {\n        &quot;nb_sides&quot;: 6\n      },\n      &quot;image&quot;: {\n        &quot;src&quot;: &quot;https:\/\/www.sozial-fokus.de\/wp-content\/uploads\/2022\/05\/pusteblume.png&quot;,\n        &quot;width&quot;: 100,\n        &quot;height&quot;: 100\n      }\n    },\n    &quot;opacity&quot;: {\n      &quot;value&quot;: 0.3,\n      &quot;random&quot;: true,\n      &quot;anim&quot;: {\n        &quot;enable&quot;: false,\n        &quot;speed&quot;: 1,\n        &quot;opacity_min&quot;: 0.1,\n        &quot;sync&quot;: false\n      }\n    },\n    &quot;size&quot;: {\n      &quot;value&quot;: 29.170799196552856,\n      &quot;random&quot;: true,\n      &quot;anim&quot;: {\n        &quot;enable&quot;: true,\n        &quot;speed&quot;: 10,\n        &quot;size_min&quot;: 40,\n        &quot;sync&quot;: false\n      }\n    },\n    &quot;line_linked&quot;: {\n      &quot;enable&quot;: false,\n      &quot;distance&quot;: 200,\n      &quot;color&quot;: &quot;#ffffff&quot;,\n      &quot;opacity&quot;: 1,\n      &quot;width&quot;: 2\n    },\n    &quot;move&quot;: {\n      &quot;enable&quot;: true,\n      &quot;speed&quot;: 8,\n      &quot;direction&quot;: &quot;none&quot;,\n      &quot;random&quot;: true,\n      &quot;straight&quot;: false,\n      &quot;out_mode&quot;: &quot;out&quot;,\n      &quot;bounce&quot;: false,\n      &quot;attract&quot;: {\n        &quot;enable&quot;: false,\n        &quot;rotateX&quot;: 4167.25702807898,\n        &quot;rotateY&quot;: 3000.4250602168654\n      }\n    }\n  },\n  &quot;interactivity&quot;: {\n    &quot;detect_on&quot;: &quot;window&quot;,\n    &quot;events&quot;: {\n      &quot;onhover&quot;: {\n        &quot;enable&quot;: false,\n        &quot;mode&quot;: &quot;grab&quot;\n      },\n      &quot;onclick&quot;: {\n        &quot;enable&quot;: false,\n        &quot;mode&quot;: &quot;push&quot;\n      },\n      &quot;resize&quot;: true\n    },\n    &quot;modes&quot;: {\n      &quot;grab&quot;: {\n        &quot;distance&quot;: 400,\n        &quot;line_linked&quot;: {\n          &quot;opacity&quot;: 1\n        }\n      },\n      &quot;bubble&quot;: {\n        &quot;distance&quot;: 400,\n        &quot;size&quot;: 40,\n        &quot;duration&quot;: 2,\n        &quot;opacity&quot;: 8,\n        &quot;speed&quot;: 3\n      },\n      &quot;repulse&quot;: {\n        &quot;distance&quot;: 200,\n        &quot;duration&quot;: 0.4\n      },\n      &quot;push&quot;: {\n        &quot;particles_nb&quot;: 4\n      },\n      &quot;remove&quot;: {\n        &quot;particles_nb&quot;: 2\n      }\n    }\n  },\n  &quot;retina_detect&quot;: true\n}\" class=\"has_eae_slider elementor-section elementor-inner-section elementor-element elementor-element-77412fe elementor-section-full_width eae-particle-yes elementor-section-height-default elementor-section-height-default\" data-eae-slider=\"54733\" data-id=\"77412fe\" data-element_type=\"section\">\n\t\t\t\t\t\t<div class=\"elementor-container elementor-column-gap-default\">\n\t\t\t\t\t<div class=\"has_eae_slider elementor-column elementor-col-100 elementor-inner-column elementor-element elementor-element-2ba1f4c\" data-eae-slider=\"59479\" data-id=\"2ba1f4c\" data-element_type=\"column\">\n\t\t\t<div class=\"elementor-widget-wrap elementor-element-populated\">\n\t\t\t\t\t\t<div class=\"elementor-element elementor-element-da91779 elementor-widget elementor-widget-slider_revolution\" data-id=\"da91779\" data-element_type=\"widget\" data-widget_type=\"slider_revolution.default\">\n\t\t\t\t<div class=\"elementor-widget-container\">\n\t\t\t\t\t\n\t\t<div class=\"wp-block-themepunch-revslider\">\n\t\t\t<!-- START Unser T\u00e4tigkeitsfeld REVOLUTION SLIDER 6.5.20 --><p class=\"rs-p-wp-fix\"><\/p>\n\t\t\t<rs-module-wrap id=\"rev_slider_5_1_wrapper\" data-source=\"gallery\" style=\"visibility:hidden;background:transparent;padding:0;margin:0px auto;margin-top:0;margin-bottom:0;\">\n\t\t\t\t<rs-module id=\"rev_slider_5_1\" style=\"\" data-version=\"6.5.20\">\n\t\t\t\t\t<rs-slides>\n\t\t\t\t\t\t<rs-slide style=\"position: absolute;\" data-key=\"rs-5\" data-title=\"Slide\" data-duration=\"10000ms\" data-anim=\"ms:500ms;\" data-in=\"o:0;\" data-out=\"a:false;\">\n\t\t\t\t\t\t\t<img decoding=\"async\" src=\"\/\/www.sozial-fokus.de\/wp-content\/plugins\/revslider\/public\/assets\/assets\/dummy.png\" alt=\"Slide\" title=\"Unser T\u00e4tigkeitsfeld\" class=\"rev-slidebg tp-rs-img rs-lazyload\" data-lazyload=\"\/\/www.sozial-fokus.de\/wp-content\/plugins\/revslider\/public\/assets\/assets\/transparent.png\" data-no-retina>\n<!--\n\t\t\t\t\t\t\t--><rs-group\n\t\t\t\t\t\t\t\tid=\"slider-5-slide-5-layer-0\" \n\t\t\t\t\t\t\t\tdata-type=\"group\"\n\t\t\t\t\t\t\t\tdata-rsp_ch=\"on\"\n\t\t\t\t\t\t\t\tdata-xy=\"x:r,r,r,c;xo:0,40px,20px,0;y:m,m,m,b;yo:60px,70px,89px,40px;\"\n\t\t\t\t\t\t\t\tdata-text=\"w:normal;s:20,16,12,7;l:0,20,15,9;\"\n\t\t\t\t\t\t\t\tdata-dim=\"w:420px,400px,320px,300px;h:420px,400px,320px,300px;\"\n\t\t\t\t\t\t\t\tdata-sba=\"t:false;\"\n\t\t\t\t\t\t\t\tdata-frame_0=\"o:1;\"\n\t\t\t\t\t\t\t\tdata-frame_999=\"o:0;st:w;sR:9700;sA:10000;\"\n\t\t\t\t\t\t\t\tstyle=\"z-index:11;\"\n\t\t\t\t\t\t\t><!--\n\t\t\t\t\t\t\t\t--><rs-layer\n\t\t\t\t\t\t\t\t\tid=\"slider-5-slide-5-layer-3\" \n\t\t\t\t\t\t\t\t\tdata-type=\"image\"\n\t\t\t\t\t\t\t\t\tdata-rsp_ch=\"on\"\n\t\t\t\t\t\t\t\t\tdata-xy=\"x:c;y:m;\"\n\t\t\t\t\t\t\t\t\tdata-text=\"w:normal;s:20,16,12,7;l:0,20,15,9;\"\n\t\t\t\t\t\t\t\t\tdata-dim=\"w:340px,330px,260px,250px;h:340px,330px,260px,250px;\"\n\t\t\t\t\t\t\t\t\tdata-btrans=\"rY:180;\"\n\t\t\t\t\t\t\t\t\tdata-frame_0=\"sX:0.9;sY:0.9;\"\n\t\t\t\t\t\t\t\t\tdata-frame_1=\"e:power2.inOut;st:500;sp:1000;sR:500;\"\n\t\t\t\t\t\t\t\t\tdata-frame_999=\"o:0;st:w;sR:8500;\"\n\t\t\t\t\t\t\t\t\tstyle=\"z-index:9;\"\n\t\t\t\t\t\t\t\t><img fetchpriority=\"high\" decoding=\"async\" src=\"\/\/www.sozial-fokus.de\/wp-content\/plugins\/revslider\/public\/assets\/assets\/dummy.png\" alt=\"\" class=\"tp-rs-img rs-lazyload\" width=\"370\" height=\"370\" data-lazyload=\"\/\/www.sozial-fokus.de\/wp-content\/uploads\/2022\/10\/im-fokus-hg.png\" data-no-retina> \n\t\t\t\t\t\t\t\t<\/rs-layer><!--\n\n\t\t\t\t\t\t\t\t--><rs-layer\n\t\t\t\t\t\t\t\t\tid=\"slider-5-slide-5-layer-4\" \n\t\t\t\t\t\t\t\t\tdata-type=\"image\"\n\t\t\t\t\t\t\t\t\tdata-rsp_ch=\"on\"\n\t\t\t\t\t\t\t\t\tdata-xy=\"x:c;y:m;\"\n\t\t\t\t\t\t\t\t\tdata-text=\"w:normal;s:20,16,12,7;l:0,20,15,9;\"\n\t\t\t\t\t\t\t\t\tdata-dim=\"w:420px,400px,320px,300px;h:420px,400px,320px,300px;\"\n\t\t\t\t\t\t\t\t\tdata-sba=\"t:true;\"\n\t\t\t\t\t\t\t\t\tdata-ford=\"frame_0;frame_1;frame_2;frame_999;\"\n\t\t\t\t\t\t\t\t\tdata-frame_0=\"sX:0.9;sY:0.9;\"\n\t\t\t\t\t\t\t\t\tdata-frame_1=\"e:power2.inOut;sp:1000;\"\n\t\t\t\t\t\t\t\t\tdata-frame_999=\"o:0;st:w;sR:2500;\"\n\t\t\t\t\t\t\t\t\tdata-frame_2=\"rZ:90deg;oX:50%;oY:50%;oZ:0;tp:600;st:4500;sp:4000;sR:3500;\"\n\t\t\t\t\t\t\t\t\tstyle=\"z-index:10;\"\n\t\t\t\t\t\t\t\t><img decoding=\"async\" src=\"\/\/www.sozial-fokus.de\/wp-content\/plugins\/revslider\/public\/assets\/assets\/dummy.png\" alt=\"\" class=\"tp-rs-img rs-lazyload\" width=\"470\" height=\"470\" data-lazyload=\"\/\/www.sozial-fokus.de\/wp-content\/uploads\/2022\/10\/im-fokus-weiss.svg\" data-no-retina> \n\t\t\t\t\t\t\t\t<\/rs-layer><!--\n\t\t\t\t\t\t\t--><\/rs-group><!--\n\n\t\t\t\t\t\t\t--><rs-group\n\t\t\t\t\t\t\t\tid=\"slider-5-slide-5-layer-2\" \n\t\t\t\t\t\t\t\tdata-type=\"group\"\n\t\t\t\t\t\t\t\tdata-rsp_ch=\"on\"\n\t\t\t\t\t\t\t\tdata-xy=\"x:l,l,l,c;xo:0,40px,40px,0;y:m;yo:63px,61px,94px,-86px;\"\n\t\t\t\t\t\t\t\tdata-text=\"w:normal;s:20,16,12,7;l:0,20,15,9;\"\n\t\t\t\t\t\t\t\tdata-dim=\"w:843px,528px,401px,480px;h:420px,320px,320px,197px;\"\n\t\t\t\t\t\t\t\tdata-frame_0=\"o:1;\"\n\t\t\t\t\t\t\t\tdata-frame_999=\"o:0;st:w;sA:10000;\"\n\t\t\t\t\t\t\t\tstyle=\"z-index:14;\"\n\t\t\t\t\t\t\t><!--\n\t\t\t\t\t\t\t\t--><rs-layer\n\t\t\t\t\t\t\t\t\tid=\"slider-5-slide-5-layer-5\" \n\t\t\t\t\t\t\t\t\tclass=\"my_font\"\n\t\t\t\t\t\t\t\t\tdata-type=\"text\"\n\t\t\t\t\t\t\t\t\tdata-rsp_ch=\"on\"\n\t\t\t\t\t\t\t\t\tdata-xy=\"x:l,l,l,c;y:m;yo:-40px,-30px,-25px,-23px;\"\n\t\t\t\t\t\t\t\t\tdata-text=\"w:normal;s:60,48,36,30;l:60,48,36,22;\"\n\t\t\t\t\t\t\t\t\tdata-frame_999=\"o:0;st:w;sR:9700;\"\n\t\t\t\t\t\t\t\t\tstyle=\"z-index:12;font-family:'Varela Round';\"\n\t\t\t\t\t\t\t\t>Im Fokus \n\t\t\t\t\t\t\t\t<\/rs-layer><!--\n\n\t\t\t\t\t\t\t\t--><rs-layer\n\t\t\t\t\t\t\t\t\tid=\"slider-5-slide-5-layer-6\" \n\t\t\t\t\t\t\t\t\tclass=\"my_font\"\n\t\t\t\t\t\t\t\t\tdata-type=\"text\"\n\t\t\t\t\t\t\t\t\tdata-rsp_ch=\"on\"\n\t\t\t\t\t\t\t\t\tdata-xy=\"x:l,l,l,c;xo:0,0,-3px,0;y:m;yo:40px,30px,25px,17px;\"\n\t\t\t\t\t\t\t\t\tdata-text=\"w:normal;s:90,60,45,40;l:90,74,56,34;\"\n\t\t\t\t\t\t\t\t\tdata-frame_999=\"o:0;st:w;sR:9700;\"\n\t\t\t\t\t\t\t\t\tstyle=\"z-index:13;font-family:'Varela Round';\"\n\t\t\t\t\t\t\t\t>unserer Arbeit \n\t\t\t\t\t\t\t\t<\/rs-layer><!--\n\t\t\t\t\t\t\t--><\/rs-group><!--\n\n\t\t\t\t\t\t\t--><rs-layer\n\t\t\t\t\t\t\t\tid=\"slider-5-slide-5-layer-1\" \n\t\t\t\t\t\t\t\tdata-type=\"shape\"\n\t\t\t\t\t\t\t\tdata-rsp_ch=\"on\"\n\t\t\t\t\t\t\t\tdata-xy=\"x:c;y:b;\"\n\t\t\t\t\t\t\t\tdata-text=\"w:normal;s:20,16,12,7;l:0,20,15,9;\"\n\t\t\t\t\t\t\t\tdata-dim=\"w:1920px,1585px,1204px,742px;h:150px,123px,93px,57px;\"\n\t\t\t\t\t\t\t\tdata-frame_999=\"o:0;st:w;sR:9700;\"\n\t\t\t\t\t\t\t\tstyle=\"z-index:7;background:linear-gradient(rgba(0,95,171,0) 0%, rgba(0,95,171,1) 100%);\"\n\t\t\t\t\t\t\t> \n\t\t\t\t\t\t\t<\/rs-layer><!--\n-->\t\t\t\t\t\t<\/rs-slide>\n\t\t\t\t\t<\/rs-slides>\n\t\t\t\t<\/rs-module>\n\t\t\t\t<script>\n\t\t\t\t\tsetREVStartSize({c: 'rev_slider_5_1',rl:[1240,1024,778,480],el:[650,600,600,600],gw:[1240,1024,778,480],gh:[650,600,600,600],type:'hero',justify:'',layout:'fullwidth',mh:\"0\"});if (window.RS_MODULES!==undefined && window.RS_MODULES.modules!==undefined && window.RS_MODULES.modules[\"revslider51\"]!==undefined) {window.RS_MODULES.modules[\"revslider51\"].once = false;window.revapi5 = undefined;if (window.RS_MODULES.checkMinimal!==undefined) window.RS_MODULES.checkMinimal()}\n\t\t\t\t<\/script>\n\t\t\t<\/rs-module-wrap>\n\t\t\t<!-- END REVOLUTION SLIDER -->\n<\/div>\n\n\t\t\t\t\t\t<\/div>\n\t\t\t\t<\/div>\n\t\t\t\t\t<\/div>\n\t\t<\/div>\n\t\t\t\t\t<\/div>\n\t\t<\/section>\n\t\t\t\t\t<\/div>\n\t\t<\/div>\n\t\t\t\t\t<\/div>\n\t\t<\/section>\n\t\t\t\t<section class=\"has_eae_slider elementor-section elementor-top-section elementor-element elementor-element-a5331c0 elementor-section-boxed elementor-section-height-default elementor-section-height-default\" data-eae-slider=\"14824\" data-id=\"a5331c0\" data-element_type=\"section\" data-settings=\"{&quot;background_background&quot;:&quot;classic&quot;}\">\n\t\t\t\t\t\t\t<div class=\"elementor-background-overlay\"><\/div>\n\t\t\t\t\t\t\t<div class=\"elementor-container elementor-column-gap-default\">\n\t\t\t\t\t<div class=\"has_eae_slider elementor-column elementor-col-50 elementor-top-column elementor-element elementor-element-7857f0d elementor-invisible\" data-eae-slider=\"69279\" data-id=\"7857f0d\" data-element_type=\"column\" id=\"erziehungsbeistand\" data-settings=\"{&quot;background_background&quot;:&quot;classic&quot;,&quot;animation&quot;:&quot;fadeInLeft&quot;}\">\n\t\t\t<div class=\"elementor-widget-wrap elementor-element-populated\">\n\t\t\t\t\t\t<div class=\"elementor-element elementor-element-80b5276 elementor-widget elementor-widget-text-editor\" data-id=\"80b5276\" data-element_type=\"widget\" data-widget_type=\"text-editor.default\">\n\t\t\t\t<div class=\"elementor-widget-container\">\n\t\t\t\t\t\t\t\t\t<h3>Erziehungsbeistand<\/h3>\t\t\t\t\t\t\t\t<\/div>\n\t\t\t\t<\/div>\n\t\t\t\t<div class=\"elementor-element elementor-element-d47c7e6 elementor-widget elementor-widget-heading\" data-id=\"d47c7e6\" data-element_type=\"widget\" data-widget_type=\"heading.default\">\n\t\t\t\t<div class=\"elementor-widget-container\">\n\t\t\t\t\t<div class=\"elementor-heading-title elementor-size-default\">\u00a7 30 SGB VIII\n<\/div>\t\t\t\t<\/div>\n\t\t\t\t<\/div>\n\t\t\t\t<div class=\"elementor-element elementor-element-312c3f0 elementor-widget elementor-widget-text-editor\" data-id=\"312c3f0\" data-element_type=\"widget\" data-widget_type=\"text-editor.default\">\n\t\t\t\t<div class=\"elementor-widget-container\">\n\t\t\t\t\t\t\t\t\t<p>Der Erziehungsbeistand und der Betreuungshelfer sollen das Kind oder den Jugendlichen bei der Bew\u00e4ltigung von Entwicklungsproblemen m\u00f6glichst unter Einbeziehung des sozialen Umfeldes unterst\u00fctzen und unter Erhaltung des Lebensbezuges zur Familie seine Verselbst\u00e4ndigung f\u00f6rdern.<\/p>\t\t\t\t\t\t\t\t<\/div>\n\t\t\t\t<\/div>\n\t\t\t\t\t<\/div>\n\t\t<\/div>\n\t\t\t\t<div class=\"has_eae_slider elementor-column elementor-col-50 elementor-top-column elementor-element elementor-element-d2b4b9a elementor-invisible\" data-eae-slider=\"8005\" data-id=\"d2b4b9a\" data-element_type=\"column\" id=\"sozialpaedagogischefamilienhilfe\" data-settings=\"{&quot;background_background&quot;:&quot;classic&quot;,&quot;animation&quot;:&quot;fadeInRight&quot;}\">\n\t\t\t<div class=\"elementor-widget-wrap elementor-element-populated\">\n\t\t\t\t\t\t<div class=\"elementor-element elementor-element-98600b0 elementor-widget elementor-widget-text-editor\" data-id=\"98600b0\" data-element_type=\"widget\" data-widget_type=\"text-editor.default\">\n\t\t\t\t<div class=\"elementor-widget-container\">\n\t\t\t\t\t\t\t\t\t<h3>Sozialp\u00e4dagogische Familienhilfe<\/h3>\t\t\t\t\t\t\t\t<\/div>\n\t\t\t\t<\/div>\n\t\t\t\t<div class=\"elementor-element elementor-element-0642c59 elementor-widget elementor-widget-heading\" data-id=\"0642c59\" data-element_type=\"widget\" data-widget_type=\"heading.default\">\n\t\t\t\t<div class=\"elementor-widget-container\">\n\t\t\t\t\t<div class=\"elementor-heading-title elementor-size-default\">\u00a7 31 SGB VIII\n<\/div>\t\t\t\t<\/div>\n\t\t\t\t<\/div>\n\t\t\t\t<div class=\"elementor-element elementor-element-751c676 elementor-widget elementor-widget-text-editor\" data-id=\"751c676\" data-element_type=\"widget\" data-widget_type=\"text-editor.default\">\n\t\t\t\t<div class=\"elementor-widget-container\">\n\t\t\t\t\t\t\t\t\t<p>Sozialp\u00e4dagogische Familienhilfe soll durch intensive Betreuung und Begleitung Familien in ihren Erziehungs-aufgaben, bei der Bew\u00e4ltigung von Alltagsproblemen, bei der L\u00f6sung von Konflikten und Krisen sowie im Kontakt mit \u00c4mtern und Institutionen unterst\u00fctzen und Hilfe zur Selbsthilfe geben. Sie ist in der Regel auf l\u00e4ngere Dauer angelegt und erfordert die Mitarbeit der Familie.<\/p>\t\t\t\t\t\t\t\t<\/div>\n\t\t\t\t<\/div>\n\t\t\t\t\t<\/div>\n\t\t<\/div>\n\t\t\t\t\t<\/div>\n\t\t<\/section>\n\t\t\t\t<section class=\"has_eae_slider elementor-section elementor-top-section elementor-element elementor-element-93a774b elementor-section-boxed elementor-section-height-default elementor-section-height-default\" data-eae-slider=\"78656\" data-id=\"93a774b\" data-element_type=\"section\" data-settings=\"{&quot;background_background&quot;:&quot;classic&quot;}\">\n\t\t\t\t\t\t<div class=\"elementor-container elementor-column-gap-default\">\n\t\t\t\t\t<div class=\"has_eae_slider elementor-column elementor-col-33 elementor-top-column elementor-element elementor-element-d4cc596 elementor-hidden-mobile\" data-eae-slider=\"95311\" data-id=\"d4cc596\" data-element_type=\"column\">\n\t\t\t<div class=\"elementor-widget-wrap\">\n\t\t\t\t\t\t\t<\/div>\n\t\t<\/div>\n\t\t\t\t<div class=\"has_eae_slider elementor-column elementor-col-33 elementor-top-column elementor-element elementor-element-bbe0e1c elementor-invisible\" data-eae-slider=\"47329\" data-id=\"bbe0e1c\" data-element_type=\"column\" data-settings=\"{&quot;background_background&quot;:&quot;classic&quot;,&quot;animation&quot;:&quot;zoomIn&quot;,&quot;background_motion_fx_motion_fx_scrolling&quot;:&quot;yes&quot;,&quot;background_motion_fx_blur_effect&quot;:&quot;yes&quot;,&quot;background_motion_fx_blur_level&quot;:{&quot;unit&quot;:&quot;px&quot;,&quot;size&quot;:6,&quot;sizes&quot;:[]},&quot;background_motion_fx_blur_range&quot;:{&quot;unit&quot;:&quot;%&quot;,&quot;size&quot;:&quot;&quot;,&quot;sizes&quot;:{&quot;start&quot;:0,&quot;end&quot;:40}},&quot;background_motion_fx_blur_direction&quot;:&quot;out-in&quot;,&quot;background_motion_fx_devices&quot;:[&quot;desktop&quot;,&quot;tablet&quot;,&quot;mobile&quot;]}\">\n\t\t\t<div class=\"elementor-widget-wrap elementor-element-populated\">\n\t\t\t\t\t\t<div class=\"elementor-element elementor-element-cf9ffb0 elementor-widget elementor-widget-image\" data-id=\"cf9ffb0\" data-element_type=\"widget\" data-settings=\"{&quot;motion_fx_motion_fx_scrolling&quot;:&quot;yes&quot;,&quot;motion_fx_rotateZ_effect&quot;:&quot;yes&quot;,&quot;motion_fx_rotateZ_direction&quot;:&quot;negative&quot;,&quot;motion_fx_rotateZ_speed&quot;:{&quot;unit&quot;:&quot;px&quot;,&quot;size&quot;:1,&quot;sizes&quot;:[]},&quot;motion_fx_rotateZ_affectedRange&quot;:{&quot;unit&quot;:&quot;%&quot;,&quot;size&quot;:&quot;&quot;,&quot;sizes&quot;:{&quot;start&quot;:0,&quot;end&quot;:100}},&quot;motion_fx_devices&quot;:[&quot;desktop&quot;,&quot;tablet&quot;,&quot;mobile&quot;]}\" data-widget_type=\"image.default\">\n\t\t\t\t<div class=\"elementor-widget-container\">\n\t\t\t\t\t\t\t\t\t\t\t\t\t\t\t<img decoding=\"async\" width=\"470\" height=\"470\" src=\"https:\/\/www.sozial-fokus.de\/wp-content\/uploads\/2022\/05\/Bereiche-kreis-schrift.svg\" class=\"attachment-full size-full wp-image-139\" alt=\"\" \/>\t\t\t\t\t\t\t\t\t\t\t\t\t\t\t<\/div>\n\t\t\t\t<\/div>\n\t\t\t\t\t<\/div>\n\t\t<\/div>\n\t\t\t\t<div class=\"has_eae_slider elementor-column elementor-col-33 elementor-top-column elementor-element elementor-element-33e9488 elementor-hidden-mobile\" data-eae-slider=\"74489\" data-id=\"33e9488\" data-element_type=\"column\">\n\t\t\t<div class=\"elementor-widget-wrap\">\n\t\t\t\t\t\t\t<\/div>\n\t\t<\/div>\n\t\t\t\t\t<\/div>\n\t\t<\/section>\n\t\t\t\t<section class=\"has_eae_slider elementor-section elementor-top-section elementor-element elementor-element-c7522d4 elementor-section-boxed elementor-section-height-default elementor-section-height-default\" data-eae-slider=\"88508\" data-id=\"c7522d4\" data-element_type=\"section\" data-settings=\"{&quot;background_background&quot;:&quot;classic&quot;}\">\n\t\t\t\t\t\t<div class=\"elementor-container elementor-column-gap-default\">\n\t\t\t\t\t<div class=\"has_eae_slider elementor-column elementor-col-50 elementor-top-column elementor-element elementor-element-6873514 elementor-invisible\" data-eae-slider=\"28592\" data-id=\"6873514\" data-element_type=\"column\" id=\"hifejungeerwachsene\" data-settings=\"{&quot;background_background&quot;:&quot;classic&quot;,&quot;animation&quot;:&quot;fadeInLeft&quot;}\">\n\t\t\t<div class=\"elementor-widget-wrap elementor-element-populated\">\n\t\t\t\t\t\t<div class=\"elementor-element elementor-element-25f051c elementor-widget elementor-widget-text-editor\" data-id=\"25f051c\" data-element_type=\"widget\" data-widget_type=\"text-editor.default\">\n\t\t\t\t<div class=\"elementor-widget-container\">\n\t\t\t\t\t\t\t\t\t<h3>Hilfe f\u00fcr junge Vollj\u00e4hrige<\/h3>\t\t\t\t\t\t\t\t<\/div>\n\t\t\t\t<\/div>\n\t\t\t\t<div class=\"elementor-element elementor-element-f2bc827 elementor-widget elementor-widget-heading\" data-id=\"f2bc827\" data-element_type=\"widget\" data-widget_type=\"heading.default\">\n\t\t\t\t<div class=\"elementor-widget-container\">\n\t\t\t\t\t<div class=\"elementor-heading-title elementor-size-default\">\u00a7 41 SGB VIII\n<\/div>\t\t\t\t<\/div>\n\t\t\t\t<\/div>\n\t\t\t\t<div class=\"elementor-element elementor-element-ccf2b93 elementor-widget elementor-widget-text-editor\" data-id=\"ccf2b93\" data-element_type=\"widget\" data-widget_type=\"text-editor.default\">\n\t\t\t\t<div class=\"elementor-widget-container\">\n\t\t\t\t\t\t\t\t\t<p>Einem jungen Vollj\u00e4hrigen soll Hilfe f\u00fcr die Pers\u00f6nlichkeitsentwicklung und zu einer eigenverantwortlichen Lebensf\u00fchrung gew\u00e4hrt werden, wenn und solange die Hilfe aufgrund der individuellen Situation des jungen Menschen notwendig ist.<\/p>\t\t\t\t\t\t\t\t<\/div>\n\t\t\t\t<\/div>\n\t\t\t\t\t<\/div>\n\t\t<\/div>\n\t\t\t\t<div class=\"has_eae_slider elementor-column elementor-col-50 elementor-top-column elementor-element elementor-element-152acdb elementor-invisible\" data-eae-slider=\"23504\" data-id=\"152acdb\" data-element_type=\"column\" id=\"integrationshilfe\" data-settings=\"{&quot;background_background&quot;:&quot;classic&quot;,&quot;animation&quot;:&quot;fadeInRight&quot;}\">\n\t\t\t<div class=\"elementor-widget-wrap elementor-element-populated\">\n\t\t\t\t\t\t<div class=\"elementor-element elementor-element-0966cd1 elementor-widget elementor-widget-text-editor\" data-id=\"0966cd1\" data-element_type=\"widget\" data-widget_type=\"text-editor.default\">\n\t\t\t\t<div class=\"elementor-widget-container\">\n\t\t\t\t\t\t\t\t\t<h3>Integrationshilfe<\/h3>\t\t\t\t\t\t\t\t<\/div>\n\t\t\t\t<\/div>\n\t\t\t\t<div class=\"elementor-element elementor-element-6ba2ee9 elementor-widget elementor-widget-heading\" data-id=\"6ba2ee9\" data-element_type=\"widget\" data-widget_type=\"heading.default\">\n\t\t\t\t<div class=\"elementor-widget-container\">\n\t\t\t\t\t<div class=\"elementor-heading-title elementor-size-default\">\u00a735a SGB VIII<\/div>\t\t\t\t<\/div>\n\t\t\t\t<\/div>\n\t\t\t\t<div class=\"elementor-element elementor-element-9589ae8 elementor-widget elementor-widget-text-editor\" data-id=\"9589ae8\" data-element_type=\"widget\" data-widget_type=\"text-editor.default\">\n\t\t\t\t<div class=\"elementor-widget-container\">\n\t\t\t\t\t\t\t\t\t<p>Die Integrationshilfe bezieht sich auf Kinder und Jugendliche aller Altersstufen in Schulen, Kinderg\u00e4rten und Horteinrichtungen. Der Integrationshelfer bietet hierbei Kindern und Jugendlichen, die aufgrund einer Behinderung\/ drohenden seelischen Behinderung und\/oder St\u00f6rung des Sozialverhaltens nicht im Klassenverband beschulbar oder der Kindergartengruppe integrierbar w\u00e4ren, individuell abgestimmt eine Unterst\u00fctzung, um den Alltag meistern zu k\u00f6nnen.<\/p>\t\t\t\t\t\t\t\t<\/div>\n\t\t\t\t<\/div>\n\t\t\t\t\t<\/div>\n\t\t<\/div>\n\t\t\t\t\t<\/div>\n\t\t<\/section>\n\t\t\t\t<\/div>\n\t\t","protected":false},"excerpt":{"rendered":"<p>Erziehungsbeistand \u00a7 30 SGB VIII Der Erziehungsbeistand und der Betreuungshelfer sollen das Kind oder den Jugendlichen bei der Bew\u00e4ltigung von Entwicklungsproblemen m\u00f6glichst unter Einbeziehung des sozialen Umfeldes unterst\u00fctzen und unter Erhaltung des Lebensbezuges zur Familie seine Verselbst\u00e4ndigung f\u00f6rdern. Sozialp\u00e4dagogische Familienhilfe \u00a7 31 SGB VIII Sozialp\u00e4dagogische Familienhilfe soll durch intensive Betreuung und Begleitung Familien in ihren [&hellip;]<\/p>\n","protected":false},"author":2,"featured_media":0,"parent":0,"menu_order":0,"comment_status":"closed","ping_status":"closed","template":"","meta":{"inline_featured_image":false,"footnotes":""},"class_list":["post-361","page","type-page","status-publish","hentry"],"_links":{"self":[{"href":"https:\/\/www.sozial-fokus.de\/index.php\/wp-json\/wp\/v2\/pages\/361","targetHints":{"allow":["GET"]}}],"collection":[{"href":"https:\/\/www.sozial-fokus.de\/index.php\/wp-json\/wp\/v2\/pages"}],"about":[{"href":"https:\/\/www.sozial-fokus.de\/index.php\/wp-json\/wp\/v2\/types\/page"}],"author":[{"embeddable":true,"href":"https:\/\/www.sozial-fokus.de\/index.php\/wp-json\/wp\/v2\/users\/2"}],"replies":[{"embeddable":true,"href":"https:\/\/www.sozial-fokus.de\/index.php\/wp-json\/wp\/v2\/comments?post=361"}],"version-history":[{"count":136,"href":"https:\/\/www.sozial-fokus.de\/index.php\/wp-json\/wp\/v2\/pages\/361\/revisions"}],"predecessor-version":[{"id":834,"href":"https:\/\/www.sozial-fokus.de\/index.php\/wp-json\/wp\/v2\/pages\/361\/revisions\/834"}],"wp:attachment":[{"href":"https:\/\/www.sozial-fokus.de\/index.php\/wp-json\/wp\/v2\/media?parent=361"}],"curies":[{"name":"wp","href":"https:\/\/api.w.org\/{rel}","templated":true}]}}