{"id":903,"date":"2024-02-08T09:20:30","date_gmt":"2024-02-08T08:20:30","guid":{"rendered":"https:\/\/www.sozial-fokus.de\/?page_id=903"},"modified":"2024-02-08T09:30:41","modified_gmt":"2024-02-08T08:30:41","slug":"beteiligung-beschwerde","status":"publish","type":"page","link":"https:\/\/www.sozial-fokus.de\/index.php\/beteiligung-beschwerde\/","title":{"rendered":"Beteiligung &#038; Beschwerde"},"content":{"rendered":"\t\t<div data-elementor-type=\"wp-page\" data-elementor-id=\"903\" class=\"elementor elementor-903\" data-elementor-post-type=\"page\">\n\t\t\t\t\t\t<section class=\"has_eae_slider elementor-section elementor-top-section elementor-element elementor-element-5bed407 elementor-section-full_width elementor-section-height-default elementor-section-height-default\" data-eae-slider=\"79325\" data-id=\"5bed407\" data-element_type=\"section\" data-settings=\"{&quot;background_background&quot;:&quot;classic&quot;}\">\n\t\t\t\t\t\t\t<div class=\"elementor-background-overlay\"><\/div>\n\t\t\t\t\t\t\t<div class=\"elementor-container elementor-column-gap-default\">\n\t\t\t\t\t<div class=\"has_eae_slider elementor-column elementor-col-100 elementor-top-column elementor-element elementor-element-6f209ac\" data-eae-slider=\"83100\" data-id=\"6f209ac\" data-element_type=\"column\">\n\t\t\t<div class=\"elementor-widget-wrap elementor-element-populated\">\n\t\t\t\t\t\t<section data-eae-particle=\"{\n  &quot;particles&quot;: {\n    &quot;number&quot;: {\n      &quot;value&quot;: 6,\n      &quot;density&quot;: {\n        &quot;enable&quot;: true,\n        &quot;value_area&quot;: 800\n      }\n    },\n    &quot;color&quot;: {\n      &quot;value&quot;: &quot;#1b1e34&quot;\n    },\n    &quot;shape&quot;: {\n      &quot;type&quot;: &quot;image&quot;,\n      &quot;stroke&quot;: {\n        &quot;width&quot;: 0,\n        &quot;color&quot;: &quot;#000&quot;\n      },\n      &quot;polygon&quot;: {\n        &quot;nb_sides&quot;: 6\n      },\n      &quot;image&quot;: {\n        &quot;src&quot;: &quot;https:\/\/www.sozial-fokus.de\/wp-content\/uploads\/2022\/05\/pusteblume.png&quot;,\n        &quot;width&quot;: 100,\n        &quot;height&quot;: 100\n      }\n    },\n    &quot;opacity&quot;: {\n      &quot;value&quot;: 0.3,\n      &quot;random&quot;: true,\n      &quot;anim&quot;: {\n        &quot;enable&quot;: false,\n        &quot;speed&quot;: 1,\n        &quot;opacity_min&quot;: 0.1,\n        &quot;sync&quot;: false\n      }\n    },\n    &quot;size&quot;: {\n      &quot;value&quot;: 29.170799196552856,\n      &quot;random&quot;: true,\n      &quot;anim&quot;: {\n        &quot;enable&quot;: true,\n        &quot;speed&quot;: 10,\n        &quot;size_min&quot;: 40,\n        &quot;sync&quot;: false\n      }\n    },\n    &quot;line_linked&quot;: {\n      &quot;enable&quot;: false,\n      &quot;distance&quot;: 200,\n      &quot;color&quot;: &quot;#ffffff&quot;,\n      &quot;opacity&quot;: 1,\n      &quot;width&quot;: 2\n    },\n    &quot;move&quot;: {\n      &quot;enable&quot;: true,\n      &quot;speed&quot;: 8,\n      &quot;direction&quot;: &quot;none&quot;,\n      &quot;random&quot;: true,\n      &quot;straight&quot;: false,\n      &quot;out_mode&quot;: &quot;out&quot;,\n      &quot;bounce&quot;: false,\n      &quot;attract&quot;: {\n        &quot;enable&quot;: false,\n        &quot;rotateX&quot;: 4167.25702807898,\n        &quot;rotateY&quot;: 3000.4250602168654\n      }\n    }\n  },\n  &quot;interactivity&quot;: {\n    &quot;detect_on&quot;: &quot;window&quot;,\n    &quot;events&quot;: {\n      &quot;onhover&quot;: {\n        &quot;enable&quot;: false,\n        &quot;mode&quot;: &quot;grab&quot;\n      },\n      &quot;onclick&quot;: {\n        &quot;enable&quot;: false,\n        &quot;mode&quot;: &quot;push&quot;\n      },\n      &quot;resize&quot;: true\n    },\n    &quot;modes&quot;: {\n      &quot;grab&quot;: {\n        &quot;distance&quot;: 400,\n        &quot;line_linked&quot;: {\n          &quot;opacity&quot;: 1\n        }\n      },\n      &quot;bubble&quot;: {\n        &quot;distance&quot;: 400,\n        &quot;size&quot;: 40,\n        &quot;duration&quot;: 2,\n        &quot;opacity&quot;: 8,\n        &quot;speed&quot;: 3\n      },\n      &quot;repulse&quot;: {\n        &quot;distance&quot;: 200,\n        &quot;duration&quot;: 0.4\n      },\n      &quot;push&quot;: {\n        &quot;particles_nb&quot;: 4\n      },\n      &quot;remove&quot;: {\n        &quot;particles_nb&quot;: 2\n      }\n    }\n  },\n  &quot;retina_detect&quot;: true\n}\" class=\"has_eae_slider elementor-section elementor-inner-section elementor-element elementor-element-77412fe elementor-section-full_width eae-particle-yes elementor-section-height-default elementor-section-height-default\" data-eae-slider=\"39449\" data-id=\"77412fe\" data-element_type=\"section\">\n\t\t\t\t\t\t<div class=\"elementor-container elementor-column-gap-default\">\n\t\t\t\t\t<div class=\"has_eae_slider elementor-column elementor-col-100 elementor-inner-column elementor-element elementor-element-2ba1f4c\" data-eae-slider=\"88314\" data-id=\"2ba1f4c\" data-element_type=\"column\">\n\t\t\t<div class=\"elementor-widget-wrap elementor-element-populated\">\n\t\t\t\t\t\t<div class=\"elementor-element elementor-element-da91779 elementor-widget elementor-widget-slider_revolution\" data-id=\"da91779\" data-element_type=\"widget\" data-widget_type=\"slider_revolution.default\">\n\t\t\t\t<div class=\"elementor-widget-container\">\n\t\t\t\t\t\n\t\t<div class=\"wp-block-themepunch-revslider\">\n\t\t\t<!-- START Beteiligung und Beschwerde REVOLUTION SLIDER 6.5.20 --><p class=\"rs-p-wp-fix\"><\/p>\n\t\t\t<rs-module-wrap id=\"rev_slider_8_1_wrapper\" data-source=\"gallery\" style=\"visibility:hidden;background:transparent;padding:0;margin:0px auto;margin-top:0;margin-bottom:0;\">\n\t\t\t\t<rs-module id=\"rev_slider_8_1\" style=\"\" data-version=\"6.5.20\">\n\t\t\t\t\t<rs-slides>\n\t\t\t\t\t\t<rs-slide style=\"position: absolute;\" data-key=\"rs-8\" data-title=\"Slide\" data-duration=\"10000ms\" data-anim=\"ms:500ms;\" data-in=\"o:0;\" data-out=\"a:false;\">\n\t\t\t\t\t\t\t<img decoding=\"async\" src=\"\/\/www.sozial-fokus.de\/wp-content\/plugins\/revslider\/public\/assets\/assets\/dummy.png\" alt=\"Slide\" title=\"Beteiligung &#038; Beschwerde\" class=\"rev-slidebg tp-rs-img rs-lazyload\" data-lazyload=\"\/\/www.sozial-fokus.de\/wp-content\/plugins\/revslider\/public\/assets\/assets\/transparent.png\" data-no-retina>\n<!--\n\t\t\t\t\t\t\t--><rs-group\n\t\t\t\t\t\t\t\tid=\"slider-8-slide-8-layer-0\" \n\t\t\t\t\t\t\t\tdata-type=\"group\"\n\t\t\t\t\t\t\t\tdata-rsp_ch=\"on\"\n\t\t\t\t\t\t\t\tdata-xy=\"x:r,r,r,c;xo:0,40px,20px,0;y:m,m,m,b;yo:60px,70px,89px,40px;\"\n\t\t\t\t\t\t\t\tdata-text=\"w:normal;s:20,16,12,7;l:0,20,15,9;\"\n\t\t\t\t\t\t\t\tdata-dim=\"w:420px,400px,320px,300px;h:420px,400px,320px,300px;\"\n\t\t\t\t\t\t\t\tdata-sba=\"t:false;\"\n\t\t\t\t\t\t\t\tdata-frame_0=\"o:1;\"\n\t\t\t\t\t\t\t\tdata-frame_999=\"o:0;st:w;sR:9700;sA:10000;\"\n\t\t\t\t\t\t\t\tstyle=\"z-index:11;\"\n\t\t\t\t\t\t\t><!--\n\t\t\t\t\t\t\t\t--><rs-layer\n\t\t\t\t\t\t\t\t\tid=\"slider-8-slide-8-layer-3\" \n\t\t\t\t\t\t\t\t\tdata-type=\"image\"\n\t\t\t\t\t\t\t\t\tdata-rsp_ch=\"on\"\n\t\t\t\t\t\t\t\t\tdata-xy=\"x:c;y:m;\"\n\t\t\t\t\t\t\t\t\tdata-text=\"w:normal;s:20,16,12,7;l:0,20,15,9;\"\n\t\t\t\t\t\t\t\t\tdata-dim=\"w:245px,245px,190px,180px;h:245px,245px,190px,180px;\"\n\t\t\t\t\t\t\t\t\tdata-frame_0=\"sX:0.9;sY:0.9;\"\n\t\t\t\t\t\t\t\t\tdata-frame_1=\"e:power2.inOut;st:500;sp:1000;sR:500;\"\n\t\t\t\t\t\t\t\t\tdata-frame_999=\"o:0;st:w;sR:8500;\"\n\t\t\t\t\t\t\t\t\tstyle=\"z-index:9;\"\n\t\t\t\t\t\t\t\t><img fetchpriority=\"high\" decoding=\"async\" src=\"\/\/www.sozial-fokus.de\/wp-content\/plugins\/revslider\/public\/assets\/assets\/dummy.png\" alt=\"\" class=\"tp-rs-img rs-lazyload\" width=\"289\" height=\"289\" data-lazyload=\"\/\/www.sozial-fokus.de\/wp-content\/uploads\/2022\/05\/startseite-junge-pusteblume.jpg\" data-no-retina> \n\t\t\t\t\t\t\t\t<\/rs-layer><!--\n\n\t\t\t\t\t\t\t\t--><rs-layer\n\t\t\t\t\t\t\t\t\tid=\"slider-8-slide-8-layer-4\" \n\t\t\t\t\t\t\t\t\tdata-type=\"image\"\n\t\t\t\t\t\t\t\t\tdata-rsp_ch=\"on\"\n\t\t\t\t\t\t\t\t\tdata-xy=\"x:c;y:m;\"\n\t\t\t\t\t\t\t\t\tdata-text=\"w:normal;s:20,16,12,7;l:0,20,15,9;\"\n\t\t\t\t\t\t\t\t\tdata-dim=\"w:420px,400px,320px,300px;h:420px,400px,320px,300px;\"\n\t\t\t\t\t\t\t\t\tdata-sba=\"t:true;\"\n\t\t\t\t\t\t\t\t\tdata-ford=\"frame_0;frame_1;frame_2;frame_999;\"\n\t\t\t\t\t\t\t\t\tdata-frame_0=\"sX:0.9;sY:0.9;\"\n\t\t\t\t\t\t\t\t\tdata-frame_1=\"e:power2.inOut;sp:1000;\"\n\t\t\t\t\t\t\t\t\tdata-frame_999=\"o:0;st:w;sR:2500;\"\n\t\t\t\t\t\t\t\t\tdata-frame_2=\"rZ:90deg;oX:50%;oY:50%;oZ:0;tp:600;st:4500;sp:4000;sR:3500;\"\n\t\t\t\t\t\t\t\t\tstyle=\"z-index:10;\"\n\t\t\t\t\t\t\t\t><img decoding=\"async\" src=\"\/\/www.sozial-fokus.de\/wp-content\/plugins\/revslider\/public\/assets\/assets\/dummy.png\" alt=\"\" class=\"tp-rs-img rs-lazyload\" width=\"470\" height=\"470\" data-lazyload=\"\/\/www.sozial-fokus.de\/wp-content\/uploads\/2022\/05\/Bereiche-kreis-schrift.svg\" data-no-retina> \n\t\t\t\t\t\t\t\t<\/rs-layer><!--\n\t\t\t\t\t\t\t--><\/rs-group><!--\n\n\t\t\t\t\t\t\t--><rs-group\n\t\t\t\t\t\t\t\tid=\"slider-8-slide-8-layer-2\" \n\t\t\t\t\t\t\t\tdata-type=\"group\"\n\t\t\t\t\t\t\t\tdata-rsp_ch=\"on\"\n\t\t\t\t\t\t\t\tdata-xy=\"x:l,l,l,c;xo:0,40px,40px,0;y:m;yo:63px,61px,94px,-86px;\"\n\t\t\t\t\t\t\t\tdata-text=\"w:normal;s:20,16,12,7;l:0,20,15,9;\"\n\t\t\t\t\t\t\t\tdata-dim=\"w:843px,528px,401px,480px;h:420px,320px,320px,197px;\"\n\t\t\t\t\t\t\t\tdata-frame_0=\"o:1;\"\n\t\t\t\t\t\t\t\tdata-frame_999=\"o:0;st:w;sA:10000;\"\n\t\t\t\t\t\t\t\tstyle=\"z-index:14;\"\n\t\t\t\t\t\t\t><!--\n\t\t\t\t\t\t\t\t--><rs-layer\n\t\t\t\t\t\t\t\t\tid=\"slider-8-slide-8-layer-5\" \n\t\t\t\t\t\t\t\t\tclass=\"my_font\"\n\t\t\t\t\t\t\t\t\tdata-type=\"text\"\n\t\t\t\t\t\t\t\t\tdata-rsp_ch=\"on\"\n\t\t\t\t\t\t\t\t\tdata-xy=\"x:l,l,l,c;y:m;yo:-40px,-30px,-25px,-25px;\"\n\t\t\t\t\t\t\t\t\tdata-text=\"w:normal;s:48,48,36,30;l:60,48,36,22;\"\n\t\t\t\t\t\t\t\t\tdata-frame_999=\"o:0;st:w;sR:9700;\"\n\t\t\t\t\t\t\t\t\tstyle=\"z-index:12;font-family:'Varela Round';\"\n\t\t\t\t\t\t\t\t>Das Beschwerdemanagement \n\t\t\t\t\t\t\t\t<\/rs-layer><!--\n\n\t\t\t\t\t\t\t\t--><rs-layer\n\t\t\t\t\t\t\t\t\tid=\"slider-8-slide-8-layer-6\" \n\t\t\t\t\t\t\t\t\tclass=\"my_font\"\n\t\t\t\t\t\t\t\t\tdata-type=\"text\"\n\t\t\t\t\t\t\t\t\tdata-rsp_ch=\"on\"\n\t\t\t\t\t\t\t\t\tdata-xy=\"x:l,l,l,c;xo:0,0,-3px,0;y:m;yo:40px,30px,25px,16px;\"\n\t\t\t\t\t\t\t\t\tdata-text=\"w:normal;s:90,60,45,40;l:90,74,56,34;\"\n\t\t\t\t\t\t\t\t\tdata-frame_999=\"o:0;st:w;sR:9700;\"\n\t\t\t\t\t\t\t\t\tstyle=\"z-index:13;font-family:'Varela Round';\"\n\t\t\t\t\t\t\t\t>der Fokus gGmbH \n\t\t\t\t\t\t\t\t<\/rs-layer><!--\n\t\t\t\t\t\t\t--><\/rs-group><!--\n\n\t\t\t\t\t\t\t--><rs-layer\n\t\t\t\t\t\t\t\tid=\"slider-8-slide-8-layer-1\" \n\t\t\t\t\t\t\t\tdata-type=\"shape\"\n\t\t\t\t\t\t\t\tdata-rsp_ch=\"on\"\n\t\t\t\t\t\t\t\tdata-xy=\"x:c;y:b;\"\n\t\t\t\t\t\t\t\tdata-text=\"w:normal;s:20,16,12,7;l:0,20,15,9;\"\n\t\t\t\t\t\t\t\tdata-dim=\"w:1920px,1585px,1204px,742px;h:150px,123px,93px,57px;\"\n\t\t\t\t\t\t\t\tdata-frame_999=\"o:0;st:w;sR:9700;\"\n\t\t\t\t\t\t\t\tstyle=\"z-index:7;background:linear-gradient(rgba(0,95,171,0) 0%, rgba(0,95,171,1) 100%);\"\n\t\t\t\t\t\t\t> \n\t\t\t\t\t\t\t<\/rs-layer><!--\n-->\t\t\t\t\t\t<\/rs-slide>\n\t\t\t\t\t<\/rs-slides>\n\t\t\t\t<\/rs-module>\n\t\t\t\t<script>\n\t\t\t\t\tsetREVStartSize({c: 'rev_slider_8_1',rl:[1240,1024,778,480],el:[650,600,600,600],gw:[1240,1024,778,480],gh:[650,600,600,600],type:'hero',justify:'',layout:'fullwidth',mh:\"0\"});if (window.RS_MODULES!==undefined && window.RS_MODULES.modules!==undefined && window.RS_MODULES.modules[\"revslider81\"]!==undefined) {window.RS_MODULES.modules[\"revslider81\"].once = false;window.revapi8 = undefined;if (window.RS_MODULES.checkMinimal!==undefined) window.RS_MODULES.checkMinimal()}\n\t\t\t\t<\/script>\n\t\t\t<\/rs-module-wrap>\n\t\t\t<!-- END REVOLUTION SLIDER -->\n<\/div>\n\n\t\t\t\t\t\t<\/div>\n\t\t\t\t<\/div>\n\t\t\t\t\t<\/div>\n\t\t<\/div>\n\t\t\t\t\t<\/div>\n\t\t<\/section>\n\t\t\t\t\t<\/div>\n\t\t<\/div>\n\t\t\t\t\t<\/div>\n\t\t<\/section>\n\t\t\t\t<section class=\"has_eae_slider elementor-section elementor-top-section elementor-element elementor-element-66534ce elementor-section-boxed elementor-section-height-default elementor-section-height-default\" data-eae-slider=\"62013\" data-id=\"66534ce\" data-element_type=\"section\" data-settings=\"{&quot;background_background&quot;:&quot;classic&quot;}\">\n\t\t\t\t\t\t\t<div class=\"elementor-background-overlay\"><\/div>\n\t\t\t\t\t\t\t<div class=\"elementor-container elementor-column-gap-default\">\n\t\t\t\t\t<div class=\"has_eae_slider elementor-column elementor-col-50 elementor-top-column elementor-element elementor-element-6672c16\" data-eae-slider=\"64007\" data-id=\"6672c16\" data-element_type=\"column\" data-settings=\"{&quot;background_background&quot;:&quot;classic&quot;}\">\n\t\t\t<div class=\"elementor-widget-wrap elementor-element-populated\">\n\t\t\t\t\t\t<div class=\"elementor-element elementor-element-f3bb615 elementor-widget elementor-widget-text-editor\" data-id=\"f3bb615\" data-element_type=\"widget\" data-widget_type=\"text-editor.default\">\n\t\t\t\t<div class=\"elementor-widget-container\">\n\t\t\t\t\t\t\t\t\t<h2>Beteiligung &amp; Beschwerde<\/h2>\t\t\t\t\t\t\t\t<\/div>\n\t\t\t\t<\/div>\n\t\t\t\t<div class=\"elementor-element elementor-element-e4a3fd6 elementor-widget elementor-widget-text-editor\" data-id=\"e4a3fd6\" data-element_type=\"widget\" data-widget_type=\"text-editor.default\">\n\t\t\t\t<div class=\"elementor-widget-container\">\n\t\t\t\t\t\t\t\t\t<p>Die Fokus gGmbH hat unter Partizipation der Kinder \/ Jugendlichen sowie deren Familien ein verbindliches Beschwerdemanagement entwickelt. Dies umfasst f\u00fcr uns das systematische Reagieren auf Unzufriedenheit.<br \/>Eine Beschwerde ist die pers\u00f6nliche (m\u00fcndliche oder schriftliche) kritische \u00c4u\u00dferung eines betroffenen Kindes, Jugendlichen oder seiner Personensorgeberechtigten, die insbesondere das Verhalten der Fachkr\u00e4fte bzw. der Kinder und Jugendlichen, das Leben in der Familie oder die Entscheidungen des Leistungstr\u00e4gers betreffen.<\/p><p><br \/>Das Beschwerdemanagement umfasst den systematischen Prozess der Planung, Durchf\u00fchrung und Kontrolle aller Ma\u00dfnahmen, die in unserem Tr\u00e4ger im Zusammenhang mit Beschwerden ergriffen werden.<br \/>F\u00fcr unsere Mitarbeiter:innen sind eine positive Fehlerkultur sowie ein lebendiges Beschwerdemanagement wichtige Felder unserer Arbeit und Qualit\u00e4tssicherung.<\/p><p>Das Beschwerdemanagement der Fokus gGmbH ist daf\u00fcr da, eine erfolgreiche Arbeitsbeziehung zu gew\u00e4hrleisten, Beschwerden zu deeskalieren und L\u00f6sungen herbeizuf\u00fchren. Die Fokus gGmbH lebt stets eine die Familien ernst nehmende, neutrale sowie wertsch\u00e4tzende Grundhaltung gegen\u00fcber allen an der Hilfe beteiligten Personen. Andererseits dient unser Beschwerdemanagement der Qualit\u00e4tssicherung und fortlaufenden Qualit\u00e4tsentwicklung unseres Tr\u00e4gers. Ein lebendiges Beschwerdemanagement steigert Partizipation und empowert Familien in ihrer selbstgew\u00e4hlten Prozess- und Lebensgestaltung.<\/p><p><br \/>Das Teilhabe-, Beschwerde- und Krisenmanagements der Fokus gGmbH hat die Aufgabe, Familien (Kindern und Eltern) verst\u00e4ndlich, wahrnehmbar und nachvollziehbar entsprechend ihres Alters an allen sie betreffenden Entscheidungen zu beteiligen. Familien werden dabei unterst\u00fctzt, ihr Recht auf Partizipation zu nutzen und zu st\u00e4rken.<\/p>\t\t\t\t\t\t\t\t<\/div>\n\t\t\t\t<\/div>\n\t\t\t\t\t<\/div>\n\t\t<\/div>\n\t\t\t\t<div class=\"has_eae_slider elementor-column elementor-col-50 elementor-top-column elementor-element elementor-element-bff1a2b\" data-eae-slider=\"75742\" data-id=\"bff1a2b\" data-element_type=\"column\" data-settings=\"{&quot;background_background&quot;:&quot;classic&quot;,&quot;motion_fx_motion_fx_scrolling&quot;:&quot;yes&quot;,&quot;motion_fx_translateY_effect&quot;:&quot;yes&quot;,&quot;motion_fx_translateY_direction&quot;:&quot;negative&quot;,&quot;motion_fx_translateY_speed&quot;:{&quot;unit&quot;:&quot;px&quot;,&quot;size&quot;:2,&quot;sizes&quot;:[]},&quot;motion_fx_devices&quot;:[&quot;desktop&quot;,&quot;laptop&quot;,&quot;tablet&quot;],&quot;motion_fx_translateY_affectedRange&quot;:{&quot;unit&quot;:&quot;%&quot;,&quot;size&quot;:&quot;&quot;,&quot;sizes&quot;:{&quot;start&quot;:0,&quot;end&quot;:100}}}\">\n\t\t\t<div class=\"elementor-widget-wrap elementor-element-populated\">\n\t\t\t\t\t\t<section class=\"has_eae_slider elementor-section elementor-inner-section elementor-element elementor-element-83ad460 elementor-section-boxed elementor-section-height-default elementor-section-height-default\" data-eae-slider=\"96151\" data-id=\"83ad460\" data-element_type=\"section\">\n\t\t\t\t\t\t<div class=\"elementor-container elementor-column-gap-default\">\n\t\t\t\t\t<div class=\"has_eae_slider elementor-column elementor-col-50 elementor-inner-column elementor-element elementor-element-0ec06e6\" data-eae-slider=\"11435\" data-id=\"0ec06e6\" data-element_type=\"column\">\n\t\t\t<div class=\"elementor-widget-wrap\">\n\t\t\t\t\t\t\t<\/div>\n\t\t<\/div>\n\t\t\t\t<div class=\"has_eae_slider elementor-column elementor-col-50 elementor-inner-column elementor-element elementor-element-a0f65be\" data-eae-slider=\"41347\" data-id=\"a0f65be\" data-element_type=\"column\">\n\t\t\t<div class=\"elementor-widget-wrap elementor-element-populated\">\n\t\t\t\t\t\t<div class=\"elementor-element elementor-element-01e253f elementor-view-stacked elementor-shape-circle elementor-widget elementor-widget-icon\" data-id=\"01e253f\" data-element_type=\"widget\" data-widget_type=\"icon.default\">\n\t\t\t\t<div class=\"elementor-widget-container\">\n\t\t\t\t\t\t\t<div class=\"elementor-icon-wrapper\">\n\t\t\t<div class=\"elementor-icon\">\n\t\t\t<i aria-hidden=\"true\" class=\"fas fa-file-alt\"><\/i>\t\t\t<\/div>\n\t\t<\/div>\n\t\t\t\t\t\t<\/div>\n\t\t\t\t<\/div>\n\t\t\t\t\t<\/div>\n\t\t<\/div>\n\t\t\t\t\t<\/div>\n\t\t<\/section>\n\t\t\t\t<section class=\"has_eae_slider elementor-section elementor-inner-section elementor-element elementor-element-630f9be elementor-section-full_width elementor-section-height-default elementor-section-height-default\" data-eae-slider=\"18355\" data-id=\"630f9be\" data-element_type=\"section\" data-settings=\"{&quot;background_background&quot;:&quot;classic&quot;}\">\n\t\t\t\t\t\t\t<div class=\"elementor-background-overlay\"><\/div>\n\t\t\t\t\t\t\t<div class=\"elementor-container elementor-column-gap-default\">\n\t\t\t\t\t<div class=\"has_eae_slider elementor-column elementor-col-100 elementor-inner-column elementor-element elementor-element-19bb923\" data-eae-slider=\"72620\" data-id=\"19bb923\" data-element_type=\"column\">\n\t\t\t<div class=\"elementor-widget-wrap elementor-element-populated\">\n\t\t\t\t\t\t<div class=\"elementor-element elementor-element-67b3996 elementor-widget elementor-widget-text-editor\" data-id=\"67b3996\" data-element_type=\"widget\" data-widget_type=\"text-editor.default\">\n\t\t\t\t<div class=\"elementor-widget-container\">\n\t\t\t\t\t\t\t\t\t<p><strong>Sie k\u00f6nnen sich mit Ihren Beschwerden oder Hinweisen an uns unter folgender E-Mail-Adresse wenden:<\/strong><\/p>\t\t\t\t\t\t\t\t<\/div>\n\t\t\t\t<\/div>\n\t\t\t\t<div class=\"elementor-element elementor-element-3d206f9 elementor-widget elementor-widget-button\" data-id=\"3d206f9\" data-element_type=\"widget\" data-widget_type=\"button.default\">\n\t\t\t\t<div class=\"elementor-widget-container\">\n\t\t\t\t\t\t\t\t\t<div class=\"elementor-button-wrapper\">\n\t\t\t\t\t<a class=\"elementor-button elementor-button-link elementor-size-sm elementor-animation-float\" href=\"mailto:beschwerde@sozial-fokus.de\">\n\t\t\t\t\t\t<span class=\"elementor-button-content-wrapper\">\n\t\t\t\t\t\t\t\t\t<span class=\"elementor-button-text\">beschwerde@sozial-fokus.de<\/span>\n\t\t\t\t\t<\/span>\n\t\t\t\t\t<\/a>\n\t\t\t\t<\/div>\n\t\t\t\t\t\t\t\t<\/div>\n\t\t\t\t<\/div>\n\t\t\t\t\t<\/div>\n\t\t<\/div>\n\t\t\t\t\t<\/div>\n\t\t<\/section>\n\t\t\t\t\t<\/div>\n\t\t<\/div>\n\t\t\t\t\t<\/div>\n\t\t<\/section>\n\t\t\t\t<\/div>\n\t\t","protected":false},"excerpt":{"rendered":"<p>Beteiligung &amp; Beschwerde Die Fokus gGmbH hat unter Partizipation der Kinder \/ Jugendlichen sowie deren Familien ein verbindliches Beschwerdemanagement entwickelt. Dies umfasst f\u00fcr uns das systematische Reagieren auf Unzufriedenheit.Eine Beschwerde ist die pers\u00f6nliche (m\u00fcndliche oder schriftliche) kritische \u00c4u\u00dferung eines betroffenen Kindes, Jugendlichen oder seiner Personensorgeberechtigten, die insbesondere das Verhalten der Fachkr\u00e4fte bzw. der Kinder und [&hellip;]<\/p>\n","protected":false},"author":2,"featured_media":0,"parent":0,"menu_order":0,"comment_status":"closed","ping_status":"closed","template":"","meta":{"inline_featured_image":false,"footnotes":""},"class_list":["post-903","page","type-page","status-publish","hentry"],"_links":{"self":[{"href":"https:\/\/www.sozial-fokus.de\/index.php\/wp-json\/wp\/v2\/pages\/903","targetHints":{"allow":["GET"]}}],"collection":[{"href":"https:\/\/www.sozial-fokus.de\/index.php\/wp-json\/wp\/v2\/pages"}],"about":[{"href":"https:\/\/www.sozial-fokus.de\/index.php\/wp-json\/wp\/v2\/types\/page"}],"author":[{"embeddable":true,"href":"https:\/\/www.sozial-fokus.de\/index.php\/wp-json\/wp\/v2\/users\/2"}],"replies":[{"embeddable":true,"href":"https:\/\/www.sozial-fokus.de\/index.php\/wp-json\/wp\/v2\/comments?post=903"}],"version-history":[{"count":10,"href":"https:\/\/www.sozial-fokus.de\/index.php\/wp-json\/wp\/v2\/pages\/903\/revisions"}],"predecessor-version":[{"id":913,"href":"https:\/\/www.sozial-fokus.de\/index.php\/wp-json\/wp\/v2\/pages\/903\/revisions\/913"}],"wp:attachment":[{"href":"https:\/\/www.sozial-fokus.de\/index.php\/wp-json\/wp\/v2\/media?parent=903"}],"curies":[{"name":"wp","href":"https:\/\/api.w.org\/{rel}","templated":true}]}}